{"id":12,"date":"2025-12-01T12:15:44","date_gmt":"2025-12-01T12:15:44","guid":{"rendered":"https:\/\/restaurantlamasia.rkinformatika.online\/?page_id=12"},"modified":"2025-12-01T14:13:31","modified_gmt":"2025-12-01T14:13:31","slug":"inicio","status":"publish","type":"page","link":"https:\/\/restaurantlamasia.es\/ca\/","title":{"rendered":"Inici"},"content":{"rendered":"\t\t<div data-elementor-type=\"wp-page\" data-elementor-id=\"12\" class=\"elementor elementor-12\" data-elementor-post-type=\"page\">\n\t\t\t\t<div class=\"elementor-element elementor-element-c0f1759 e-con-full e-flex e-con e-parent\" data-id=\"c0f1759\" data-element_type=\"container\" data-e-type=\"container\" data-settings=\"{&quot;background_background&quot;:&quot;classic&quot;,&quot;background_motion_fx_motion_fx_scrolling&quot;:&quot;yes&quot;,&quot;background_motion_fx_translateY_effect&quot;:&quot;yes&quot;,&quot;background_motion_fx_translateY_direction&quot;:&quot;negative&quot;,&quot;background_motion_fx_translateY_affectedRange&quot;:{&quot;unit&quot;:&quot;%&quot;,&quot;size&quot;:&quot;&quot;,&quot;sizes&quot;:{&quot;start&quot;:43,&quot;end&quot;:100}},&quot;background_motion_fx_blur_effect&quot;:&quot;yes&quot;,&quot;background_motion_fx_blur_level&quot;:{&quot;unit&quot;:&quot;px&quot;,&quot;size&quot;:3,&quot;sizes&quot;:[]},&quot;background_motion_fx_blur_range&quot;:{&quot;unit&quot;:&quot;%&quot;,&quot;size&quot;:&quot;&quot;,&quot;sizes&quot;:{&quot;start&quot;:47,&quot;end&quot;:100}},&quot;background_motion_fx_translateY_speed&quot;:{&quot;unit&quot;:&quot;px&quot;,&quot;size&quot;:4,&quot;sizes&quot;:[]},&quot;background_motion_fx_blur_direction&quot;:&quot;out-in&quot;,&quot;background_motion_fx_devices&quot;:[&quot;desktop&quot;,&quot;tablet&quot;,&quot;mobile&quot;]}\">\n\t\t\t\t<div class=\"elementor-element elementor-element-28e72fb animated-slow elementor-invisible elementor-widget elementor-widget-heading\" data-id=\"28e72fb\" data-element_type=\"widget\" data-e-type=\"widget\" data-settings=\"{&quot;_animation_tablet&quot;:&quot;fadeInUp&quot;,&quot;_animation_mobile&quot;:&quot;fadeInUp&quot;,&quot;_animation&quot;:&quot;fadeInUp&quot;}\" data-widget_type=\"heading.default\">\n\t\t\t\t\t<h2 class=\"elementor-heading-title elementor-size-default\">Servimos tradici\u00f3n y sabor en cada plato.<\/h2>\t\t\t\t<\/div>\n\t\t\t\t<div class=\"elementor-element elementor-element-22b7964 animated-slow elementor-invisible elementor-widget elementor-widget-heading\" data-id=\"22b7964\" data-element_type=\"widget\" data-e-type=\"widget\" data-settings=\"{&quot;_animation_tablet&quot;:&quot;fadeInUp&quot;,&quot;_animation_mobile&quot;:&quot;fadeInUp&quot;,&quot;_animation&quot;:&quot;fadeInUp&quot;}\" data-widget_type=\"heading.default\">\n\t\t\t\t\t<h2 class=\"elementor-heading-title elementor-size-default\">Desde 1969<\/h2>\t\t\t\t<\/div>\n\t\t\t\t<\/div>\n\t\t<div class=\"elementor-element elementor-element-98d90e6 e-flex e-con-boxed e-con e-parent\" data-id=\"98d90e6\" data-element_type=\"container\" data-e-type=\"container\">\n\t\t\t\t\t<div class=\"e-con-inner\">\n\t\t<div class=\"elementor-element elementor-element-e812e43 e-con-full e-flex e-con e-child\" data-id=\"e812e43\" data-element_type=\"container\" data-e-type=\"container\">\n\t\t\t\t<div class=\"elementor-element elementor-element-0417570 elementor-arrows-position-inside elementor-widget elementor-widget-image-carousel\" data-id=\"0417570\" data-element_type=\"widget\" data-e-type=\"widget\" data-settings=\"{&quot;slides_to_show&quot;:&quot;1&quot;,&quot;navigation&quot;:&quot;arrows&quot;,&quot;autoplay&quot;:&quot;yes&quot;,&quot;pause_on_hover&quot;:&quot;yes&quot;,&quot;pause_on_interaction&quot;:&quot;yes&quot;,&quot;autoplay_speed&quot;:5000,&quot;infinite&quot;:&quot;yes&quot;,&quot;effect&quot;:&quot;slide&quot;,&quot;speed&quot;:500}\" data-widget_type=\"image-carousel.default\">\n\t\t\t\t\t\t\t<div class=\"elementor-image-carousel-wrapper swiper\" role=\"region\" aria-roledescription=\"carousel\" aria-label=\"Carrusel de im\u00e1genes\" dir=\"ltr\">\n\t\t\t<div class=\"elementor-image-carousel swiper-wrapper\" aria-live=\"off\">\n\t\t\t\t\t\t\t\t<div class=\"swiper-slide\" role=\"group\" aria-roledescription=\"slide\" aria-label=\"1 de 6\"><figure class=\"swiper-slide-inner\"><img decoding=\"async\" class=\"swiper-slide-image\" src=\"https:\/\/restaurantlamasia.es\/wp-content\/uploads\/2025\/12\/2.png\" alt=\"2\" \/><\/figure><\/div><div class=\"swiper-slide\" role=\"group\" aria-roledescription=\"slide\" aria-label=\"2 de 6\"><figure class=\"swiper-slide-inner\"><img decoding=\"async\" class=\"swiper-slide-image\" src=\"https:\/\/restaurantlamasia.es\/wp-content\/uploads\/2025\/12\/1.png\" alt=\"1\" \/><\/figure><\/div><div class=\"swiper-slide\" role=\"group\" aria-roledescription=\"slide\" aria-label=\"3 de 6\"><figure class=\"swiper-slide-inner\"><img decoding=\"async\" class=\"swiper-slide-image\" src=\"https:\/\/restaurantlamasia.es\/wp-content\/uploads\/2025\/12\/3.png\" alt=\"3\" \/><\/figure><\/div><div class=\"swiper-slide\" role=\"group\" aria-roledescription=\"slide\" aria-label=\"4 de 6\"><figure class=\"swiper-slide-inner\"><img decoding=\"async\" class=\"swiper-slide-image\" src=\"https:\/\/restaurantlamasia.es\/wp-content\/uploads\/2025\/12\/4.png\" alt=\"4\" \/><\/figure><\/div><div class=\"swiper-slide\" role=\"group\" aria-roledescription=\"slide\" aria-label=\"5 de 6\"><figure class=\"swiper-slide-inner\"><img decoding=\"async\" class=\"swiper-slide-image\" src=\"https:\/\/restaurantlamasia.es\/wp-content\/uploads\/2025\/12\/5.png\" alt=\"5\" \/><\/figure><\/div><div class=\"swiper-slide\" role=\"group\" aria-roledescription=\"slide\" aria-label=\"6 de 6\"><figure class=\"swiper-slide-inner\"><img decoding=\"async\" class=\"swiper-slide-image\" src=\"https:\/\/restaurantlamasia.es\/wp-content\/uploads\/2025\/12\/6.png\" alt=\"6\" \/><\/figure><\/div>\t\t\t<\/div>\n\t\t\t\t\t\t\t\t\t\t\t\t<div class=\"elementor-swiper-button elementor-swiper-button-prev\" role=\"button\" tabindex=\"0\">\n\t\t\t\t\t\t<svg aria-hidden=\"true\" class=\"e-font-icon-svg e-eicon-chevron-left\" viewBox=\"0 0 1000 1000\" xmlns=\"http:\/\/www.w3.org\/2000\/svg\"><path d=\"M646 125C629 125 613 133 604 142L308 442C296 454 292 471 292 487 292 504 296 521 308 533L604 854C617 867 629 875 646 875 663 875 679 871 692 858 704 846 713 829 713 812 713 796 708 779 692 767L438 487 692 225C700 217 708 204 708 187 708 171 704 154 692 142 675 129 663 125 646 125Z\"><\/path><\/svg>\t\t\t\t\t<\/div>\n\t\t\t\t\t<div class=\"elementor-swiper-button elementor-swiper-button-next\" role=\"button\" tabindex=\"0\">\n\t\t\t\t\t\t<svg aria-hidden=\"true\" class=\"e-font-icon-svg e-eicon-chevron-right\" viewBox=\"0 0 1000 1000\" xmlns=\"http:\/\/www.w3.org\/2000\/svg\"><path d=\"M696 533C708 521 713 504 713 487 713 471 708 454 696 446L400 146C388 133 375 125 354 125 338 125 325 129 313 142 300 154 292 171 292 187 292 204 296 221 308 233L563 492 304 771C292 783 288 800 288 817 288 833 296 850 308 863 321 871 338 875 354 875 371 875 388 867 400 854L696 533Z\"><\/path><\/svg>\t\t\t\t\t<\/div>\n\t\t\t\t\n\t\t\t\t\t\t\t\t\t<\/div>\n\t\t\t\t\t\t<\/div>\n\t\t\t\t<\/div>\n\t\t<div class=\"elementor-element elementor-element-acf2d5c e-con-full e-flex e-con e-child\" data-id=\"acf2d5c\" data-element_type=\"container\" data-e-type=\"container\">\n\t\t\t\t<div class=\"elementor-element elementor-element-d3ca57b elementor-widget elementor-widget-heading\" data-id=\"d3ca57b\" data-element_type=\"widget\" data-e-type=\"widget\" data-widget_type=\"heading.default\">\n\t\t\t\t\t<h2 class=\"elementor-heading-title elementor-size-default\">Sobre  Nosotros:<\/h2>\t\t\t\t<\/div>\n\t\t\t\t<div class=\"elementor-element elementor-element-f4b6511 elementor-widget elementor-widget-text-editor\" data-id=\"f4b6511\" data-element_type=\"widget\" data-e-type=\"widget\" data-widget_type=\"text-editor.default\">\n\t\t\t\t\t\t\t\t\t<p>Somos una empresa familiar fundada en 1969, con m\u00e1s de cinco d\u00e9cadas dedicadas a la restauraci\u00f3n. A lo largo de los a\u00f1os hemos mantenido la esencia y las recetas tradicionales, combin\u00e1ndolas con toques actuales para seguir sorprendiendo a quienes nos visitan.<br \/>Un restaurante familiar dedicado a ofrecer cocina casera con productos frescos y un trato cercano. Nuestra misi\u00f3n es que cada cliente se sienta como en casa y disfrute de una experiencia gastron\u00f3mica aut\u00e9ntica.<\/p>\t\t\t\t\t\t\t\t<\/div>\n\t\t\t\t<\/div>\n\t\t\t\t\t<\/div>\n\t\t\t\t<\/div>\n\t\t<div class=\"elementor-element elementor-element-f8d7ed8 e-flex e-con-boxed e-con e-parent\" data-id=\"f8d7ed8\" data-element_type=\"container\" data-e-type=\"container\" data-settings=\"{&quot;background_background&quot;:&quot;classic&quot;}\">\n\t\t\t\t\t<div class=\"e-con-inner\">\n\t\t\t\t<div class=\"elementor-element elementor-element-c724f06 animated-slow elementor-invisible elementor-widget elementor-widget-heading\" data-id=\"c724f06\" data-element_type=\"widget\" data-e-type=\"widget\" data-settings=\"{&quot;_animation&quot;:&quot;fadeInUp&quot;,&quot;_animation_tablet&quot;:&quot;fadeInUp&quot;,&quot;_animation_mobile&quot;:&quot;fadeInUp&quot;}\" data-widget_type=\"heading.default\">\n\t\t\t\t\t<h2 class=\"elementor-heading-title elementor-size-default\">Calidad, tradici\u00f3n y dedicaci\u00f3n.<\/h2>\t\t\t\t<\/div>\n\t\t\t\t<div class=\"elementor-element elementor-element-0c09566 elementor-invisible elementor-widget elementor-widget-button\" data-id=\"0c09566\" data-element_type=\"widget\" data-e-type=\"widget\" data-settings=\"{&quot;_animation&quot;:&quot;fadeInUp&quot;}\" data-widget_type=\"button.default\">\n\t\t\t\t\t\t\t\t\t\t<a class=\"elementor-button elementor-button-link elementor-size-sm\" href=\"https:\/\/restaurantlamasia.es\/menu\/\">\n\t\t\t\t\t\t<span class=\"elementor-button-content-wrapper\">\n\t\t\t\t\t\t\t\t\t<span class=\"elementor-button-text\">MEN\u00da<\/span>\n\t\t\t\t\t<\/span>\n\t\t\t\t\t<\/a>\n\t\t\t\t\t\t\t\t<\/div>\n\t\t\t\t\t<\/div>\n\t\t\t\t<\/div>\n\t\t\t\t<\/div>\n\t\t","protected":false},"excerpt":{"rendered":"<p>Servimos tradici\u00f3n y sabor en cada plato. Desde 1969 Sobre Nosotros: Somos una empresa familiar fundada en 1969, con m\u00e1s de cinco d\u00e9cadas dedicadas a la restauraci\u00f3n. A lo largo de los a\u00f1os hemos mantenido la esencia y las recetas tradicionales, combin\u00e1ndolas con toques actuales para seguir sorprendiendo a quienes nos visitan.Un restaurante familiar dedicado [&hellip;]<\/p>\n","protected":false},"author":1,"featured_media":0,"parent":0,"menu_order":0,"comment_status":"closed","ping_status":"closed","template":"elementor_canvas","meta":{"footnotes":""},"class_list":["post-12","page","type-page","status-publish","hentry"],"yoast_head":"<!-- This site is optimized with the Yoast SEO plugin v27.5 - https:\/\/yoast.com\/product\/yoast-seo-wordpress\/ -->\n<title>Inicio - Restaurant La Masia<\/title>\n<meta name=\"robots\" content=\"index, follow, max-snippet:-1, max-image-preview:large, max-video-preview:-1\" \/>\n<link rel=\"canonical\" href=\"https:\/\/restaurantlamasia.es\/ca\/\" \/>\n<meta property=\"og:locale\" content=\"ca_ES\" \/>\n<meta property=\"og:type\" content=\"article\" \/>\n<meta property=\"og:title\" content=\"Inicio - Restaurant La Masia\" \/>\n<meta property=\"og:description\" content=\"Servimos tradici\u00f3n y sabor en cada plato. Desde 1969 Sobre Nosotros: Somos una empresa familiar fundada en 1969, con m\u00e1s de cinco d\u00e9cadas dedicadas a la restauraci\u00f3n. A lo largo de los a\u00f1os hemos mantenido la esencia y las recetas tradicionales, combin\u00e1ndolas con toques actuales para seguir sorprendiendo a quienes nos visitan.Un restaurante familiar dedicado [&hellip;]\" \/>\n<meta property=\"og:url\" content=\"https:\/\/restaurantlamasia.es\/ca\/\" \/>\n<meta property=\"og:site_name\" content=\"Restaurant La Masia\" \/>\n<meta property=\"article:modified_time\" content=\"2025-12-01T14:13:31+00:00\" \/>\n<meta property=\"og:image\" content=\"https:\/\/restaurantlamasia.es\/wp-content\/uploads\/2025\/12\/2.png\" \/>\n<meta name=\"twitter:card\" content=\"summary_large_image\" \/>\n<meta name=\"twitter:label1\" content=\"Temps estimat de lectura\" \/>\n\t<meta name=\"twitter:data1\" content=\"3 minuts\" \/>\n<script type=\"application\/ld+json\" class=\"yoast-schema-graph\">{\"@context\":\"https:\\\/\\\/schema.org\",\"@graph\":[{\"@type\":\"WebPage\",\"@id\":\"https:\\\/\\\/restaurantlamasia.es\\\/\",\"url\":\"https:\\\/\\\/restaurantlamasia.es\\\/\",\"name\":\"Inicio - Restaurant La Masia\",\"isPartOf\":{\"@id\":\"https:\\\/\\\/restaurantlamasia.es\\\/#website\"},\"primaryImageOfPage\":{\"@id\":\"https:\\\/\\\/restaurantlamasia.es\\\/#primaryimage\"},\"image\":{\"@id\":\"https:\\\/\\\/restaurantlamasia.es\\\/#primaryimage\"},\"thumbnailUrl\":\"https:\\\/\\\/restaurantlamasia.es\\\/wp-content\\\/uploads\\\/2025\\\/12\\\/2.png\",\"datePublished\":\"2025-12-01T12:15:44+00:00\",\"dateModified\":\"2025-12-01T14:13:31+00:00\",\"breadcrumb\":{\"@id\":\"https:\\\/\\\/restaurantlamasia.es\\\/#breadcrumb\"},\"inLanguage\":\"ca\",\"potentialAction\":[{\"@type\":\"ReadAction\",\"target\":[\"https:\\\/\\\/restaurantlamasia.es\\\/\"]}]},{\"@type\":\"ImageObject\",\"inLanguage\":\"ca\",\"@id\":\"https:\\\/\\\/restaurantlamasia.es\\\/#primaryimage\",\"url\":\"https:\\\/\\\/restaurantlamasia.es\\\/wp-content\\\/uploads\\\/2025\\\/12\\\/2.png\",\"contentUrl\":\"https:\\\/\\\/restaurantlamasia.es\\\/wp-content\\\/uploads\\\/2025\\\/12\\\/2.png\"},{\"@type\":\"BreadcrumbList\",\"@id\":\"https:\\\/\\\/restaurantlamasia.es\\\/#breadcrumb\",\"itemListElement\":[{\"@type\":\"ListItem\",\"position\":1,\"name\":\"Portada\",\"item\":\"https:\\\/\\\/restaurantlamasia.es\\\/\"},{\"@type\":\"ListItem\",\"position\":2,\"name\":\"Inicio\"}]},{\"@type\":\"WebSite\",\"@id\":\"https:\\\/\\\/restaurantlamasia.es\\\/#website\",\"url\":\"https:\\\/\\\/restaurantlamasia.es\\\/\",\"name\":\"Restaurant La Masia\",\"description\":\"Restaurante\",\"publisher\":{\"@id\":\"https:\\\/\\\/restaurantlamasia.es\\\/#organization\"},\"potentialAction\":[{\"@type\":\"SearchAction\",\"target\":{\"@type\":\"EntryPoint\",\"urlTemplate\":\"https:\\\/\\\/restaurantlamasia.es\\\/?s={search_term_string}\"},\"query-input\":{\"@type\":\"PropertyValueSpecification\",\"valueRequired\":true,\"valueName\":\"search_term_string\"}}],\"inLanguage\":\"ca\"},{\"@type\":\"Organization\",\"@id\":\"https:\\\/\\\/restaurantlamasia.es\\\/#organization\",\"name\":\"Restaurant La Masia\",\"url\":\"https:\\\/\\\/restaurantlamasia.es\\\/\",\"logo\":{\"@type\":\"ImageObject\",\"inLanguage\":\"ca\",\"@id\":\"https:\\\/\\\/restaurantlamasia.es\\\/#\\\/schema\\\/logo\\\/image\\\/\",\"url\":\"https:\\\/\\\/restaurantlamasia.es\\\/wp-content\\\/uploads\\\/2025\\\/12\\\/cropped-logo-818x1024-1.png\",\"contentUrl\":\"https:\\\/\\\/restaurantlamasia.es\\\/wp-content\\\/uploads\\\/2025\\\/12\\\/cropped-logo-818x1024-1.png\",\"width\":817,\"height\":487,\"caption\":\"Restaurant La Masia\"},\"image\":{\"@id\":\"https:\\\/\\\/restaurantlamasia.es\\\/#\\\/schema\\\/logo\\\/image\\\/\"}}]}<\/script>\n<!-- \/ Yoast SEO plugin. -->","yoast_head_json":{"title":"Inicio - Restaurant La Masia","robots":{"index":"index","follow":"follow","max-snippet":"max-snippet:-1","max-image-preview":"max-image-preview:large","max-video-preview":"max-video-preview:-1"},"canonical":"https:\/\/restaurantlamasia.es\/ca\/","og_locale":"ca_ES","og_type":"article","og_title":"Inicio - Restaurant La Masia","og_description":"Servimos tradici\u00f3n y sabor en cada plato. Desde 1969 Sobre Nosotros: Somos una empresa familiar fundada en 1969, con m\u00e1s de cinco d\u00e9cadas dedicadas a la restauraci\u00f3n. A lo largo de los a\u00f1os hemos mantenido la esencia y las recetas tradicionales, combin\u00e1ndolas con toques actuales para seguir sorprendiendo a quienes nos visitan.Un restaurante familiar dedicado [&hellip;]","og_url":"https:\/\/restaurantlamasia.es\/ca\/","og_site_name":"Restaurant La Masia","article_modified_time":"2025-12-01T14:13:31+00:00","og_image":[{"url":"https:\/\/restaurantlamasia.es\/wp-content\/uploads\/2025\/12\/2.png","type":"","width":"","height":""}],"twitter_card":"summary_large_image","twitter_misc":{"Temps estimat de lectura":"3 minuts"},"schema":{"@context":"https:\/\/schema.org","@graph":[{"@type":"WebPage","@id":"https:\/\/restaurantlamasia.es\/","url":"https:\/\/restaurantlamasia.es\/","name":"Inicio - Restaurant La Masia","isPartOf":{"@id":"https:\/\/restaurantlamasia.es\/#website"},"primaryImageOfPage":{"@id":"https:\/\/restaurantlamasia.es\/#primaryimage"},"image":{"@id":"https:\/\/restaurantlamasia.es\/#primaryimage"},"thumbnailUrl":"https:\/\/restaurantlamasia.es\/wp-content\/uploads\/2025\/12\/2.png","datePublished":"2025-12-01T12:15:44+00:00","dateModified":"2025-12-01T14:13:31+00:00","breadcrumb":{"@id":"https:\/\/restaurantlamasia.es\/#breadcrumb"},"inLanguage":"ca","potentialAction":[{"@type":"ReadAction","target":["https:\/\/restaurantlamasia.es\/"]}]},{"@type":"ImageObject","inLanguage":"ca","@id":"https:\/\/restaurantlamasia.es\/#primaryimage","url":"https:\/\/restaurantlamasia.es\/wp-content\/uploads\/2025\/12\/2.png","contentUrl":"https:\/\/restaurantlamasia.es\/wp-content\/uploads\/2025\/12\/2.png"},{"@type":"BreadcrumbList","@id":"https:\/\/restaurantlamasia.es\/#breadcrumb","itemListElement":[{"@type":"ListItem","position":1,"name":"Portada","item":"https:\/\/restaurantlamasia.es\/"},{"@type":"ListItem","position":2,"name":"Inicio"}]},{"@type":"WebSite","@id":"https:\/\/restaurantlamasia.es\/#website","url":"https:\/\/restaurantlamasia.es\/","name":"Restaurant La Masia","description":"Restaurante","publisher":{"@id":"https:\/\/restaurantlamasia.es\/#organization"},"potentialAction":[{"@type":"SearchAction","target":{"@type":"EntryPoint","urlTemplate":"https:\/\/restaurantlamasia.es\/?s={search_term_string}"},"query-input":{"@type":"PropertyValueSpecification","valueRequired":true,"valueName":"search_term_string"}}],"inLanguage":"ca"},{"@type":"Organization","@id":"https:\/\/restaurantlamasia.es\/#organization","name":"Restaurant La Masia","url":"https:\/\/restaurantlamasia.es\/","logo":{"@type":"ImageObject","inLanguage":"ca","@id":"https:\/\/restaurantlamasia.es\/#\/schema\/logo\/image\/","url":"https:\/\/restaurantlamasia.es\/wp-content\/uploads\/2025\/12\/cropped-logo-818x1024-1.png","contentUrl":"https:\/\/restaurantlamasia.es\/wp-content\/uploads\/2025\/12\/cropped-logo-818x1024-1.png","width":817,"height":487,"caption":"Restaurant La Masia"},"image":{"@id":"https:\/\/restaurantlamasia.es\/#\/schema\/logo\/image\/"}}]}},"_links":{"self":[{"href":"https:\/\/restaurantlamasia.es\/ca\/wp-json\/wp\/v2\/pages\/12","targetHints":{"allow":["GET"]}}],"collection":[{"href":"https:\/\/restaurantlamasia.es\/ca\/wp-json\/wp\/v2\/pages"}],"about":[{"href":"https:\/\/restaurantlamasia.es\/ca\/wp-json\/wp\/v2\/types\/page"}],"author":[{"embeddable":true,"href":"https:\/\/restaurantlamasia.es\/ca\/wp-json\/wp\/v2\/users\/1"}],"replies":[{"embeddable":true,"href":"https:\/\/restaurantlamasia.es\/ca\/wp-json\/wp\/v2\/comments?post=12"}],"version-history":[{"count":28,"href":"https:\/\/restaurantlamasia.es\/ca\/wp-json\/wp\/v2\/pages\/12\/revisions"}],"predecessor-version":[{"id":161,"href":"https:\/\/restaurantlamasia.es\/ca\/wp-json\/wp\/v2\/pages\/12\/revisions\/161"}],"wp:attachment":[{"href":"https:\/\/restaurantlamasia.es\/ca\/wp-json\/wp\/v2\/media?parent=12"}],"curies":[{"name":"wp","href":"https:\/\/api.w.org\/{rel}","templated":true}]}}